{"id":99,"date":"2026-01-02T14:24:12","date_gmt":"2026-01-02T06:24:12","guid":{"rendered":"https:\/\/tianhuilabel.com\/?page_id=99"},"modified":"2026-03-23T00:44:25","modified_gmt":"2026-03-22T16:44:25","slug":"customized-label-production-process","status":"publish","type":"page","link":"https:\/\/tianhuilabel.com\/de\/customized-label-production-process\/","title":{"rendered":"Prozess der kundenspezifischen Etikettenproduktion"},"content":{"rendered":"<div data-elementor-type=\"wp-page\" data-elementor-id=\"99\" class=\"elementor elementor-99\" data-elementor-post-type=\"page\">\n\t\t\t\t<div class=\"elementor-element elementor-element-0fe8b50 e-flex e-con-boxed e-con e-parent\" data-id=\"0fe8b50\" data-element_type=\"container\" data-e-type=\"container\" data-settings=\"{&quot;background_background&quot;:&quot;classic&quot;}\">\n\t\t\t\t\t<div class=\"e-con-inner\">\n\t\t\t\t<div class=\"elementor-element elementor-element-9040953 elementor-invisible elementor-widget elementor-widget-heading\" data-id=\"9040953\" data-element_type=\"widget\" data-e-type=\"widget\" data-settings=\"{&quot;_animation&quot;:&quot;fadeInUp&quot;}\" data-widget_type=\"heading.default\">\n\t\t\t\t\t<h1 class=\"elementor-heading-title elementor-size-default\">Prozess der kundenspezifischen Etikettenproduktion<\/h1>\t\t\t\t<\/div>\n\t\t\t\t<div class=\"elementor-element elementor-element-fb2aaf0 elementor-icon-list--layout-inline elementor-align-center elementor-list-item-link-full_width elementor-widget elementor-widget-icon-list\" data-id=\"fb2aaf0\" data-element_type=\"widget\" data-e-type=\"widget\" data-widget_type=\"icon-list.default\">\n\t\t\t\t\t\t\t<ul class=\"elementor-icon-list-items elementor-inline-items\">\n\t\t\t\t\t\t\t<li class=\"elementor-icon-list-item elementor-inline-item\">\n\t\t\t\t\t\t\t\t\t\t\t<a href=\"https:\/\/tianhuilabel.com\/de\">\n\n\t\t\t\t\t\t\t\t\t\t\t\t<span class=\"elementor-icon-list-icon\">\n\t\t\t\t\t\t\t<svg aria-hidden=\"true\" class=\"e-font-icon-svg e-fas-home\" viewbox=\"0 0 576 512\" xmlns=\"http:\/\/www.w3.org\/2000\/svg\"><path d=\"M280.37 148.26L96 300.11V464a16 16 0 0 0 16 16l112.06-.29a16 16 0 0 0 15.92-16V368a16 16 0 0 1 16-16h64a16 16 0 0 1 16 16v95.64a16 16 0 0 0 16 16.05L464 480a16 16 0 0 0 16-16V300L295.67 148.26a12.19 12.19 0 0 0-15.3 0zM571.6 251.47L488 182.56V44.05a12 12 0 0 0-12-12h-56a12 12 0 0 0-12 12v72.61L318.47 43a48 48 0 0 0-61 0L4.34 251.47a12 12 0 0 0-1.6 16.9l25.5 31A12 12 0 0 0 45.15 301l235.22-193.74a12.19 12.19 0 0 1 15.3 0L530.9 301a12 12 0 0 0 16.9-1.6l25.5-31a12 12 0 0 0-1.7-16.93z\"><\/path><\/svg>\t\t\t\t\t\t<\/span>\n\t\t\t\t\t\t\t\t\t\t<span class=\"elementor-icon-list-text\">Startseite<\/span>\n\t\t\t\t\t\t\t\t\t\t\t<\/a>\n\t\t\t\t\t\t\t\t\t<\/li>\n\t\t\t\t\t\t\t\t<li class=\"elementor-icon-list-item elementor-inline-item\">\n\t\t\t\t\t\t\t\t\t\t\t<span class=\"elementor-icon-list-icon\">\n\t\t\t\t\t\t\t<svg aria-hidden=\"true\" class=\"e-font-icon-svg e-fas-angle-double-right\" viewbox=\"0 0 448 512\" xmlns=\"http:\/\/www.w3.org\/2000\/svg\"><path d=\"M224.3 273l-136 136c-9.4 9.4-24.6 9.4-33.9 0l-22.6-22.6c-9.4-9.4-9.4-24.6 0-33.9l96.4-96.4-96.4-96.4c-9.4-9.4-9.4-24.6 0-33.9L54.3 103c9.4-9.4 24.6-9.4 33.9 0l136 136c9.5 9.4 9.5 24.6.1 34zm192-34l-136-136c-9.4-9.4-24.6-9.4-33.9 0l-22.6 22.6c-9.4 9.4-9.4 24.6 0 33.9l96.4 96.4-96.4 96.4c-9.4 9.4-9.4 24.6 0 33.9l22.6 22.6c9.4 9.4 24.6 9.4 33.9 0l136-136c9.4-9.2 9.4-24.4 0-33.8z\"><\/path><\/svg>\t\t\t\t\t\t<\/span>\n\t\t\t\t\t\t\t\t\t\t<span class=\"elementor-icon-list-text\">Prozess der kundenspezifischen Etikettenproduktion<\/span>\n\t\t\t\t\t\t\t\t\t<\/li>\n\t\t\t\t\t\t<\/ul>\n\t\t\t\t\t\t<\/div>\n\t\t\t\t\t<\/div>\n\t\t\t\t<\/div>\n\t\t<div class=\"elementor-element elementor-element-6d94785 e-flex e-con-boxed e-con e-parent\" data-id=\"6d94785\" data-element_type=\"container\" data-e-type=\"container\">\n\t\t\t\t\t<div class=\"e-con-inner\">\n\t\t\t\t<div class=\"elementor-element elementor-element-8d398a3 elementor-widget elementor-widget-html\" data-id=\"8d398a3\" data-element_type=\"widget\" data-e-type=\"widget\" data-widget_type=\"html.default\">\n\t\t\t\t\t<style>\r\n    \/* \u989c\u8272\u53d8\u91cf - \u4fdd\u6301\u5168\u9875\u9ad8\u5ea6\u7edf\u4e00 *\/\r\n    :root {\r\n        --brand-primary: #0F603B;\r\n        --brand-tint: #f1f7f4;\r\n        --brand-border: #dde8e2;\r\n        --text-dark: #222222;\r\n        --text-muted: #555555;\r\n    }\r\n\r\n    .el-process-page {\r\n        max-width: 1400px;\r\n        margin: 0 auto;\r\n        padding: 16px 16px;\r\n        color: var(--text-dark);\r\n        line-height: 1.6;\r\n    }\r\n\r\n    \/* \u9876\u90e8\u6a2a\u5e45\u6837\u5f0f *\/\r\n    .process-header {\r\n        text-align: center;\r\n        background-color: var(--brand-tint);\r\n        padding: 60px 40px;\r\n        border-radius: 20px;\r\n        margin-bottom: 32px;\r\n    }\r\n\r\n    .el-process-page h2 {\r\n        color: var(--brand-primary);\r\n        text-align: center;\r\n        font-size: 2.2rem;\r\n        margin-bottom: 20px;\r\n    }\r\n\r\n    .process-header p {\r\n        max-width: 900px;\r\n        margin: 0 auto 15px;\r\n        font-size: 1.1rem;\r\n    }\r\n\r\n    \/* \u6b65\u9aa4\u7f51\u683c\u5e03\u5c40 - 3\u5217\/2\u5217\/1\u5217\u81ea\u9002\u5e94 *\/\r\n    .step-grid {\r\n        display: grid;\r\n        grid-template-columns: repeat(3, 1fr);\r\n        gap: 30px;\r\n        margin-bottom: 32px;\r\n    }\r\n\r\n    .step-card {\r\n        background: #ffffff;\r\n        border: 1px solid var(--brand-border);\r\n        border-radius: 15px;\r\n        padding: 35px 25px;\r\n        position: relative;\r\n        transition: 0.3s ease;\r\n        display: flex;\r\n        flex-direction: column;\r\n    }\r\n\r\n    .step-card:hover {\r\n        transform: translateY(-10px);\r\n        border-color: var(--brand-primary);\r\n        box-shadow: 0 15px 30px rgba(15, 96, 59, 0.1);\r\n    }\r\n\r\n    \/* \u6570\u5b57\u89d2\u6807\u6837\u5f0f *\/\r\n    .step-number {\r\n        position: absolute;\r\n        top: -20px;\r\n        left: 25px;\r\n        background: var(--brand-primary);\r\n        color: #ffffff;\r\n        width: 45px;\r\n        height: 45px;\r\n        border-radius: 50%;\r\n        display: flex;\r\n        align-items: center;\r\n        justify-content: center;\r\n        font-weight: bold;\r\n        font-size: 1.2rem;\r\n        box-shadow: 0 4px 10px rgba(15, 96, 59, 0.3);\r\n    }\r\n\r\n    .step-card h3 {\r\n        color: var(--brand-primary);\r\n        font-size: 1.3rem;\r\n        margin: 15px 0 15px;\r\n        border-bottom: 2px solid var(--brand-tint);\r\n        padding-bottom: 10px;\r\n    }\r\n\r\n    .step-card ul {\r\n        list-style: none;\r\n        padding: 0;\r\n        margin: 0;\r\n    }\r\n\r\n    .step-card li {\r\n        position: relative;\r\n        padding-left: 20px;\r\n        margin-bottom: 10px;\r\n        font-size: 0.95rem;\r\n        color: var(--text-muted);\r\n    }\r\n\r\n    .step-card li::before {\r\n        content: '\u2713';\r\n        position: absolute;\r\n        left: 0;\r\n        color: var(--brand-primary);\r\n        font-weight: bold;\r\n    }\r\n\r\n    .step-detail {\r\n        margin-top: 15px;\r\n        font-size: 0.9rem;\r\n        color: var(--text-dark);\r\n        border-top: 1px dashed var(--brand-border);\r\n        padding-top: 15px;\r\n    }\r\n\r\n    \/* \u5e95\u90e8 CTA *\/\r\n    .process-cta {\r\n        background-color: var(--brand-primary);\r\n        background-image: linear-gradient(135deg, #0F603B 0%, #1a8b57 100%);\r\n        color: #ffffff;\r\n        padding: 60px 40px;\r\n        border-radius: 20px;\r\n        text-align: center;\r\n        margin-top: 40px;\r\n    }\r\n\r\n    .process-cta h2 {\r\n        color: #ffffff !important;\r\n        margin-top: 0;\r\n    }\r\n\r\n    \/* \u54cd\u5e94\u5f0f\u8c03\u6574 *\/\r\n    @media (max-width: 1024px) {\r\n        .step-grid { grid-template-columns: repeat(2, 1fr); }\r\n    }\r\n\r\n    @media (max-width: 767px) {\r\n        .el-process-page { padding: 30px 10px; }\r\n        .step-grid { grid-template-columns: 1fr; gap: 40px; }\r\n        .process-header { padding: 40px 20px; }\r\n        .step-number { left: 50%; transform: translateX(-50%); }\r\n        .step-card h3 { text-align: center; margin-top: 25px; }\r\n    }\r\n    .process-img img {\r\n        width:100%;\r\n        max-width:1400px;\r\n        height: auto;\r\n        border-radius: 15px;\r\n        padding:64px 16px;\r\n        text-align: center;\r\n    }\r\n    \r\n<\/style>\r\n\r\n<section class=\"el-process-page\">\r\n    <div class=\"process-header\">\r\n \r\n        <p>Wir folgen einem standardisierten Prozess f\u00fcr kundenspezifische Etiketten, bei dem jeder Schritt klar definiert ist. Von der Kundenberatung bis zur endg\u00fcltigen Lieferung ist der gesamte Prozess offen, transparent, professionell und kontrollierbar, was Ihre Zeitersparnis maximiert und eine effiziente Zusammenarbeit und qualifizierte Ergebnisse gew\u00e4hrleistet.<\/p>\r\n        <p>Wir haben die Kooperationsverfahren vereinfacht und die Prozesskontrolle verst\u00e4rkt, um einen standardisierten Produktionsablauf f\u00fcr kundenspezifische Etiketten zu schaffen. Von der Bedarfskommunikation bis zur Lieferung des fertigen Produkts ist jeder Schritt klar und transparent, was Ihnen Zeit und Kosten spart und eine reibungslose und effiziente Zusammenarbeit garantiert.<\/p>\r\n    <\/div>\r\n    <div class=\"process-img\">\r\n        <img decoding=\"async\" src=\"http:\/\/tianhuilabel.com\/wp-content\/uploads\/2026\/03\/custom-Label-Process_result-1774196623-scaled.webp\" alt=\"Custom Label Process\">\r\n    <\/div>\r\n    <div class=\"step-grid\">\r\n        <div class=\"step-card\">\r\n            <div class=\"step-number\">1<\/div>\r\n            <h3>Kundenberatung<\/h3>\r\n            <ul>\r\n                <li>Online-Anfrage<\/li>\r\n                <li>Anforderungen an die Etikettenanpassung<\/li>\r\n                <li>Eins-zu-eins-Antwort<\/li>\r\n                <li>Beantwortung der Frage<\/li>\r\n            <\/ul>\r\n            <p class=\"step-detail\">Die Kunden teilen uns ihre Anforderungen an die individuelle Gestaltung von Etiketten \u00fcber eine Online-Konsultation mit. Unser professionelles Team bietet eine Eins-zu-eins-Antwort, beantwortet geduldig Fragen und kommuniziert umfassend mit den Kunden, um sicherzustellen, dass wir alle wichtigen Bed\u00fcrfnisse genau erfassen.<\/p>\r\n        <\/div>\r\n\r\n        <div class=\"step-card\">\r\n            <div class=\"step-number\">2<\/div>\r\n            <h3>Angebot &amp; Best\u00e4tigung<\/h3>\r\n            <ul>\r\n                <li>Genaues Angebot<\/li>\r\n                <li>Angebotsbogen<\/li>\r\n                <li>Kommunikation &amp; Best\u00e4tigung<\/li>\r\n                <li>Vereinbarung \u00fcber die Zusammenarbeit<\/li>\r\n            <\/ul>\r\n            <p class=\"step-detail\">Auf der Grundlage der spezifischen Anforderungen des Kunden kalkulieren wir schnell ein genaues Angebot und erstellen ein detailliertes Angebot. Nachdem wir alle Details mit dem Kunden best\u00e4tigt und eine Einigung erzielt haben, unterzeichnen wir einen Kooperationsvertrag, um die Rechte, Pflichten und Anforderungen beider Parteien zu kl\u00e4ren.<\/p>\r\n        <\/div>\r\n\r\n        <div class=\"step-card\">\r\n            <div class=\"step-number\">3<\/div>\r\n            <h3>Entwurf &amp; Korrekturlesen<\/h3>\r\n            <ul>\r\n                <li>Digitaler Nachweis<\/li>\r\n                <li>Optimierung des Designs<\/li>\r\n                <li>Best\u00e4tigung des Entwurfs<\/li>\r\n                <li>Muster Best\u00e4tigung<\/li>\r\n            <\/ul>\r\n            <p class=\"step-detail\">Je nach Kooperationsvertrag und Kundenwunsch bieten wir Design- und Optimierungsdienstleistungen an. Nach Fertigstellung des Designentwurfs legen wir ihn dem Kunden zur Genehmigung vor. Nach der Best\u00e4tigung stellen wir dem Kunden digitale Proofs und physische Muster zur Verf\u00fcgung, um die Details zu \u00fcberpr\u00fcfen und sicherzustellen, dass sie den Erwartungen entsprechen.<\/p>\r\n        <\/div>\r\n\r\n        <div class=\"step-card\">\r\n            <div class=\"step-number\">4<\/div>\r\n            <h3>Druck und Produktion<\/h3>\r\n            <ul>\r\n                <li>Hochwertige Rohstoffe<\/li>\r\n                <li>Muster Standard<\/li>\r\n                <li>\u00dcberwachung in Echtzeit<\/li>\r\n                <li>Qualifizierte Qualit\u00e4t<\/li>\r\n            <\/ul>\r\n            <p class=\"step-detail\">Nach der Musterfreigabe beginnen wir mit dem Massendruck und der Produktion, wobei wir moderne Ger\u00e4te und hochwertige Rohstoffe einsetzen. Die Produktion erfolgt streng nach den genehmigten Mustern und wird w\u00e4hrend des gesamten Prozesses in Echtzeit \u00fcberwacht, um eine stabile, ordnungsgem\u00e4\u00dfe Produktion und qualifizierte Produktqualit\u00e4t zu gew\u00e4hrleisten.<\/p>\r\n        <\/div>\r\n\r\n        <div class=\"step-card\">\r\n            <div class=\"step-number\">5<\/div>\r\n            <h3>Finishing-Prozesse<\/h3>\r\n            <ul>\r\n                <li>UV-Beschichtung<\/li>\r\n                <li>Tintenstrahl-Kodierung<\/li>\r\n                <li>Hei\u00dfpr\u00e4gen<\/li>\r\n                <li>Lackierung<\/li>\r\n                <li>Stanzen<\/li>\r\n            <\/ul>\r\n            <p class=\"step-detail\">Nach dem Druck f\u00fchren wir je nach Kundenwunsch verschiedene Weiterverarbeitungsprozesse durch, darunter UV-Lackierung, Inkjet-Codierung, Hei\u00dfpr\u00e4gung, Lackierung, Stanzung usw. Jedes Detail wird fein verarbeitet, um die individuellen Bed\u00fcrfnisse zu erf\u00fcllen und die Textur und Funktionalit\u00e4t der Etiketten zu verbessern.<\/p>\r\n        <\/div>\r\n\r\n        <div class=\"step-card\">\r\n            <div class=\"step-number\">6<\/div>\r\n            <h3>Verpackung und Versand<\/h3>\r\n            <ul>\r\n                <li>Umfassende Qualit\u00e4tskontrolle<\/li>\r\n                <li>Feuchtigkeitsdichte und sto\u00dffeste Verpackung<\/li>\r\n                <li>G\u00fcterbef\u00f6rderung<\/li>\r\n                <li>Vollst\u00e4ndige logistische Verfolgung<\/li>\r\n            <\/ul>\r\n            <p class=\"step-detail\">Nach dem Veredelungsprozess f\u00fchren wir eine umfassende Qualit\u00e4tskontrolle der fertigen Etiketten durch und sortieren fehlerhafte Produkte strikt aus. Die Etiketten werden mit professionellen feuchtigkeits- und sto\u00dffesten Verpackungen verpackt. Wir unterst\u00fctzen See- und Luftfracht mit zuverl\u00e4ssiger Logistik, um eine sichere und p\u00fcnktliche Lieferung zu gew\u00e4hrleisten.<\/p>\r\n        <\/div>\r\n    <\/div>\r\n\r\n<\/section>\t\t\t\t<\/div>\n\t\t\t\t\t<\/div>\n\t\t\t\t<\/div>\n\t\t<div class=\"elementor-element elementor-element-9b3b41f e-flex e-con-boxed e-con e-parent\" data-id=\"9b3b41f\" data-element_type=\"container\" data-e-type=\"container\">\n\t\t\t\t\t<div class=\"e-con-inner\">\n\t\t<div class=\"elementor-element elementor-element-af8ae71 e-con-full process-ctaa e-flex e-con e-child\" data-id=\"af8ae71\" data-element_type=\"container\" data-e-type=\"container\">\n\t\t\t\t<div class=\"elementor-element elementor-element-01a1d00 elementor-widget elementor-widget-heading\" data-id=\"01a1d00\" data-element_type=\"widget\" data-e-type=\"widget\" data-widget_type=\"heading.default\">\n\t\t\t\t\t<h3 class=\"elementor-heading-title elementor-size-default\">Beginnen Sie Ihre Reise zum individuellen Etikett<\/h3>\t\t\t\t<\/div>\n\t\t\t\t<div class=\"elementor-element elementor-element-850fa73 elementor-widget__width-initial elementor-widget elementor-widget-html\" data-id=\"850fa73\" data-element_type=\"widget\" data-e-type=\"widget\" data-widget_type=\"html.default\">\n\t\t\t\t\t        <p>Unser standardisierter Prozess gew\u00e4hrleistet, dass jedes Detail Ihres Etiketts mit professioneller Sorgfalt behandelt wird. Von der ersten Beratung bis zur Auslieferung sind wir Ihr zuverl\u00e4ssiger Partner f\u00fcr hochwertige Etikettierl\u00f6sungen.<\/p>\r\n\t\t\t\t<\/div>\n\t\t\t\t<div class=\"elementor-element elementor-element-062112d elementor-align-center elementor-widget__width-initial elementor-widget elementor-widget-button\" data-id=\"062112d\" data-element_type=\"widget\" data-e-type=\"widget\" data-widget_type=\"button.default\">\n\t\t\t\t\t\t\t\t\t\t<a class=\"elementor-button elementor-button-link elementor-size-sm\" href=\"#elementor-action%3Aaction%3Dpopup%3Aopen%26settings%3DeyJpZCI6IjEzMSIsInRvZ2dsZSI6ZmFsc2V9\">\n\t\t\t\t\t\t<span class=\"elementor-button-content-wrapper\">\n\t\t\t\t\t\t\t\t\t<span class=\"elementor-button-text\">Angebot einholen<\/span>\n\t\t\t\t\t<\/span>\n\t\t\t\t\t<\/a>\n\t\t\t\t\t\t\t\t<\/div>\n\t\t\t\t<\/div>\n\t\t\t\t\t<\/div>\n\t\t\t\t<\/div>\n\t\t\t\t<\/div>","protected":false},"excerpt":{"rendered":"<p>Home We follow a standardized custom label process with every step clearly defined. From client consultation to final delivery, the entire process is open, transparent, professional and controllable, maximizing your time savings and ensuring efficient cooperation and qualified results. We have simplified cooperation procedures and strengthened process control to build a standardized production flow for [&hellip;]<\/p>\n","protected":false},"author":1,"featured_media":0,"parent":0,"menu_order":0,"comment_status":"closed","ping_status":"closed","template":"elementor_header_footer","meta":{"_acf_changed":false,"footnotes":""},"class_list":["post-99","page","type-page","status-publish","hentry"],"acf":[],"_links":{"self":[{"href":"https:\/\/tianhuilabel.com\/de\/wp-json\/wp\/v2\/pages\/99","targetHints":{"allow":["GET"]}}],"collection":[{"href":"https:\/\/tianhuilabel.com\/de\/wp-json\/wp\/v2\/pages"}],"about":[{"href":"https:\/\/tianhuilabel.com\/de\/wp-json\/wp\/v2\/types\/page"}],"author":[{"embeddable":true,"href":"https:\/\/tianhuilabel.com\/de\/wp-json\/wp\/v2\/users\/1"}],"replies":[{"embeddable":true,"href":"https:\/\/tianhuilabel.com\/de\/wp-json\/wp\/v2\/comments?post=99"}],"version-history":[{"count":0,"href":"https:\/\/tianhuilabel.com\/de\/wp-json\/wp\/v2\/pages\/99\/revisions"}],"wp:attachment":[{"href":"https:\/\/tianhuilabel.com\/de\/wp-json\/wp\/v2\/media?parent=99"}],"curies":[{"name":"wp","href":"https:\/\/api.w.org\/{rel}","templated":true}]}}