{"id":801,"date":"2026-01-10T17:53:43","date_gmt":"2026-01-10T09:53:43","guid":{"rendered":"https:\/\/tianhuilabel.com\/?post_type=product&#038;p=801"},"modified":"2026-02-10T18:36:10","modified_gmt":"2026-02-10T10:36:10","slug":"information-labels","status":"publish","type":"product","link":"https:\/\/tianhuilabel.com\/de\/product\/information-labels\/","title":{"rendered":"Informationsetiketten"},"content":{"rendered":"<h3><strong>Wesentliche Merkmale<\/strong><\/h3>\n<p><strong>\u00dcbersichtliche Informationsanzeige<\/strong><br \/>\nHervorragende Druckf\u00e4higkeit f\u00fcr Text, Barcodes, QR-Codes, Seriennummern und variable Daten.<\/p>\n<p><strong>Starke Adh\u00e4sion auf mehreren Oberfl\u00e4chen<\/strong><br \/>\nHaftet fest auf Kunststoff, Glas, Metall, Pappe und mehr.<\/p>\n<p><strong>Langlebig und kratzfest<\/strong><br \/>\nDie Oberfl\u00e4che kann f\u00fcr eine bessere Best\u00e4ndigkeit gegen Feuchtigkeit, \u00d6l und Abrieb laminiert oder lackiert werden.<\/p>\n<p><strong>Anpassbare Materialien<\/strong><br \/>\nErh\u00e4ltlich in Papier, synthetischem Papier, PET, PP und anderen Folienmaterialien je nach Anwendungsbedarf.<\/p>\n<h3><strong>Typische Anwendungen<\/strong><\/h3>\n<ul>\n<li>Logistik und Lagerhaltung<\/li>\n<li>Elektronik und Haushaltsger\u00e4te<\/li>\n<li>Lebensmittel- und Getr\u00e4nkeverpackungen<\/li>\n<li>Pharmazeutika und Gesundheitswesen<\/li>\n<li>Industrielle Produktidentifikation<\/li>\n<\/ul>\n<h3><strong>Unser Angebot an Druckoptionen<\/strong><\/h3>\n<p>Als professionelle Druckerei f\u00fcr Haftetiketten bieten wir:<\/p>\n<ul>\n<li>Flexodruck<\/li>\n<li>Digitaldruck<\/li>\n<li>Drucken von Barcodes und variablen Daten<\/li>\n<li>Kaschierung, Lackierung, Folienpr\u00e4gung<\/li>\n<\/ul>\n<p><strong>Tianhui Druckindustrie<\/strong> kann Informationsetiketten in Rollen- oder Bogenform individuell gestalten, um Ihre Anforderungen an Anwendung, Automatisierung und Haltbarkeit zu erf\u00fcllen.<\/p>","protected":false},"featured_media":711,"template":"","meta":{"_acf_changed":false},"product-tag":[35],"class_list":["post-801","product","type-product","status-publish","has-post-thumbnail","hentry","product-tag-application"],"acf":[],"_links":{"self":[{"href":"https:\/\/tianhuilabel.com\/de\/wp-json\/wp\/v2\/product\/801","targetHints":{"allow":["GET"]}}],"collection":[{"href":"https:\/\/tianhuilabel.com\/de\/wp-json\/wp\/v2\/product"}],"about":[{"href":"https:\/\/tianhuilabel.com\/de\/wp-json\/wp\/v2\/types\/product"}],"wp:featuredmedia":[{"embeddable":true,"href":"https:\/\/tianhuilabel.com\/de\/wp-json\/wp\/v2\/media\/711"}],"wp:attachment":[{"href":"https:\/\/tianhuilabel.com\/de\/wp-json\/wp\/v2\/media?parent=801"}],"wp:term":[{"taxonomy":"product-tag","embeddable":true,"href":"https:\/\/tianhuilabel.com\/de\/wp-json\/wp\/v2\/product-tag?post=801"}],"curies":[{"name":"wp","href":"https:\/\/api.w.org\/{rel}","templated":true}]}}