{"id":806,"date":"2026-01-11T18:03:25","date_gmt":"2026-01-11T10:03:25","guid":{"rendered":"https:\/\/tianhuilabel.com\/?post_type=product&#038;p=806"},"modified":"2026-02-10T18:33:48","modified_gmt":"2026-02-10T10:33:48","slug":"blank-labels","status":"publish","type":"product","link":"https:\/\/tianhuilabel.com\/de\/product\/blank-labels\/","title":{"rendered":"Leere Etiketten"},"content":{"rendered":"<h3><strong>Wesentliche Merkmale<\/strong><\/h3>\n<p><strong>Ideal f\u00fcr Sekund\u00e4rdruck<\/strong><br \/>\nKompatibel mit Thermotransfer-, Thermodirekt-, Tintenstrahl- und Laserdruck.<br \/>\n<strong>Glatte und gleichm\u00e4\u00dfige Oberfl\u00e4che<\/strong><br \/>\nSorgt f\u00fcr klares Barcode-Scannen und hochaufl\u00f6senden Textdruck.<br \/>\n<strong>Starker und zuverl\u00e4ssiger Klebstoff<\/strong><br \/>\nErh\u00e4ltlich mit permanentem, abl\u00f6sbarem oder speziellem Klebstoff, je nach Anwendungsumgebung.<br \/>\n<strong>Mehrere Materialoptionen<\/strong><br \/>\nPapier, synthetisches Papier, PP, PET und andere Materialien sind f\u00fcr unterschiedliche Anforderungen an die Haltbarkeit erh\u00e4ltlich.<\/p>\n<h3><strong>Typische Anwendungen<\/strong><\/h3>\n<ul>\n<li>Logistik &amp; Versandetiketten<\/li>\n<li>Lagerverwaltung<\/li>\n<li>Preisschilder f\u00fcr den Einzelhandel<\/li>\n<li>Verfolgung der Produktion<\/li>\n<li>Identifizierung im Gesundheitswesen und im Labor<\/li>\n<\/ul>\n<h3><strong>Verf\u00fcgbare Formate<\/strong><\/h3>\n<ul>\n<li>Rollenetiketten f\u00fcr die automatische Etikettierung und den Einsatz von Druckern<\/li>\n<li>Bogenetiketten f\u00fcr den manuellen Druck<\/li>\n<\/ul>\n<p>Unter <strong>Tianhui Druckindustrie<\/strong>, Wir produzieren hochwertige Blanko-Etiketten mit stabilen Klebeeigenschaften und hervorragender Druckkompatibilit\u00e4t, die einen reibungslosen Betrieb auf Ihren Druckmaschinen gew\u00e4hrleisten.<\/p>","protected":false},"featured_media":749,"template":"","meta":{"_acf_changed":false},"product-tag":[35],"class_list":["post-806","product","type-product","status-publish","has-post-thumbnail","hentry","product-tag-application"],"acf":[],"_links":{"self":[{"href":"https:\/\/tianhuilabel.com\/de\/wp-json\/wp\/v2\/product\/806","targetHints":{"allow":["GET"]}}],"collection":[{"href":"https:\/\/tianhuilabel.com\/de\/wp-json\/wp\/v2\/product"}],"about":[{"href":"https:\/\/tianhuilabel.com\/de\/wp-json\/wp\/v2\/types\/product"}],"wp:featuredmedia":[{"embeddable":true,"href":"https:\/\/tianhuilabel.com\/de\/wp-json\/wp\/v2\/media\/749"}],"wp:attachment":[{"href":"https:\/\/tianhuilabel.com\/de\/wp-json\/wp\/v2\/media?parent=806"}],"wp:term":[{"taxonomy":"product-tag","embeddable":true,"href":"https:\/\/tianhuilabel.com\/de\/wp-json\/wp\/v2\/product-tag?post=806"}],"curies":[{"name":"wp","href":"https:\/\/api.w.org\/{rel}","templated":true}]}}