{"id":808,"date":"2026-02-10T18:38:05","date_gmt":"2026-02-10T10:38:05","guid":{"rendered":"https:\/\/tianhuilabel.com\/?post_type=product&#038;p=808"},"modified":"2026-02-10T18:38:25","modified_gmt":"2026-02-10T10:38:25","slug":"anti-counterfeit-labels","status":"publish","type":"product","link":"https:\/\/tianhuilabel.com\/de\/product\/anti-counterfeit-labels\/","title":{"rendered":"F\u00e4lschungssichere Etiketten"},"content":{"rendered":"<h3><strong>Wesentliche Merkmale<\/strong><\/h3>\n<p><strong>Manipulationssichere Funktion<\/strong><br \/>\nDie Etiketten weisen sichtbare Sch\u00e4den auf oder hinterlassen beim Entfernen Spuren, die eine Wiederverwendung verhindern.<\/p>\n<p><strong>Sicherheitsdrucktechnologien<\/strong><br \/>\nUnterst\u00fctzt holografische Folie, Mikrotext, UV-Tinte, unsichtbare Tinte und andere f\u00e4lschungssichere Techniken.<\/p>\n<p><strong>Eindeutige Identifizierungscodes<\/strong><br \/>\nJedes Etikett kann eine eindeutige Seriennummer, einen QR-Code oder einen Verifizierungscode zur R\u00fcckverfolgbarkeit tragen.<\/p>\n<p><strong>Schwierig zu reproduzieren<\/strong><br \/>\nKomplexe Materialien und Druckverfahren erh\u00f6hen die Schwierigkeit der F\u00e4lschung.<\/p>\n<h3><strong>Typische Anwendungen<\/strong><\/h3>\n<ul>\n<li>Pharmazeutika<\/li>\n<li>Agrochemikalien<\/li>\n<li>Kosmetika &amp; Hautpflege<\/li>\n<li>Elektronik<\/li>\n<li>Hochwertige Konsumg\u00fcter<\/li>\n<\/ul>\n<h3><strong>Unser Angebot an Sicherheitsoptionen<\/strong><\/h3>\n<p>Unter <strong>Tianhui Druckindustrie<\/strong>, Wir kombinieren fortschrittliche Druck- und Materialtechnologien, um zuverl\u00e4ssige L\u00f6sungen zum Schutz vor F\u00e4lschungen zu entwickeln:<\/p>\n<ul>\n<li>Holografische Materialien<\/li>\n<li>Ung\u00fcltige\/manipulationssichere Materialien<\/li>\n<li>UV- und unsichtbarer Tintendruck<\/li>\n<li>Variable QR-Codes &amp; Seriennummern<\/li>\n<li>Rubbellose Codes<\/li>\n<\/ul>\n<p>Wir k\u00f6nnen die Sicherheitsstufen auf der Grundlage Ihres Produktwerts und Ihrer Marktanforderungen anpassen und dabei ein Gleichgewicht zwischen Schutz und Kosteneffizienz herstellen.<\/p>","protected":false},"featured_media":748,"template":"","meta":{"_acf_changed":false},"product-tag":[35],"class_list":["post-808","product","type-product","status-publish","has-post-thumbnail","hentry","product-tag-application"],"acf":[],"_links":{"self":[{"href":"https:\/\/tianhuilabel.com\/de\/wp-json\/wp\/v2\/product\/808","targetHints":{"allow":["GET"]}}],"collection":[{"href":"https:\/\/tianhuilabel.com\/de\/wp-json\/wp\/v2\/product"}],"about":[{"href":"https:\/\/tianhuilabel.com\/de\/wp-json\/wp\/v2\/types\/product"}],"wp:featuredmedia":[{"embeddable":true,"href":"https:\/\/tianhuilabel.com\/de\/wp-json\/wp\/v2\/media\/748"}],"wp:attachment":[{"href":"https:\/\/tianhuilabel.com\/de\/wp-json\/wp\/v2\/media?parent=808"}],"wp:term":[{"taxonomy":"product-tag","embeddable":true,"href":"https:\/\/tianhuilabel.com\/de\/wp-json\/wp\/v2\/product-tag?post=808"}],"curies":[{"name":"wp","href":"https:\/\/api.w.org\/{rel}","templated":true}]}}