{"id":809,"date":"2026-02-10T18:40:19","date_gmt":"2026-02-10T10:40:19","guid":{"rendered":"https:\/\/tianhuilabel.com\/?post_type=product&#038;p=809"},"modified":"2026-03-05T19:15:41","modified_gmt":"2026-03-05T11:15:41","slug":"removable-labels","status":"publish","type":"product","link":"https:\/\/tianhuilabel.com\/de\/product\/removable-labels\/","title":{"rendered":"Abnehmbare Etiketten"},"content":{"rendered":"<h3><strong>Wesentliche Merkmale <\/strong><\/h3>\n<p><strong>Saubere Beseitigung<\/strong><br \/>\nHinterl\u00e4sst nach dem Abziehen wenig bis keine Kleber\u00fcckst\u00e4nde.<\/p>\n<p><strong>Oberfl\u00e4chenfreundlicher Klebstoff<\/strong><br \/>\nBesch\u00e4digt nicht Glas, Kunststoff, Metall oder lackierte Oberfl\u00e4chen.<\/p>\n<p><strong>Stabil w\u00e4hrend des Gebrauchs<\/strong><br \/>\nBleibt bei normaler Handhabung fest an seinem Platz, l\u00e4sst sich aber bei Bedarf leicht entfernen.<\/p>\n<p><strong>Repositionierbare Optionen verf\u00fcgbar<\/strong><br \/>\nBei einigen Materialien k\u00f6nnen die Etiketten kurz nach dem Anbringen neu positioniert werden.<\/p>\n<h3><strong>Typische Anwendungen <\/strong><\/h3>\n<ul>\n<li>Preisaufkleber f\u00fcr den Einzelhandel<\/li>\n<li>Werbeaufkleber<\/li>\n<li>Vorl\u00e4ufige Produktkennzeichnung<\/li>\n<li>Oberfl\u00e4chenetiketten f\u00fcr Haushaltsger\u00e4te und Elektronik<\/li>\n<li>B\u00fcro- und Inventarverwaltung<\/li>\n<\/ul>\n<h3><strong>Material- und Klebeoptionen <\/strong><\/h3>\n<p>Unter <strong>Tianhui Druckindustrie<\/strong>, F\u00fcr verschiedene Oberfl\u00e4chen und Verwendungsdauern bieten wir abl\u00f6sbare Etiketten mit unterschiedlichen Abl\u00f6sest\u00e4rken an:<\/p>\n<ul>\n<li>Abl\u00f6sbare Papieretiketten<\/li>\n<li>Abl\u00f6sbare Folienetiketten - PP \/ PE \/ PET<\/li>\n<li>Niedrig- und mittelklebende Klebstoffe<\/li>\n<\/ul>\n<p>Unser Team kann Sie bei der Pr\u00fcfung und Auswahl des am besten geeigneten Klebstoffs unterst\u00fctzen, damit die Etiketten w\u00e4hrend der Verwendung an Ort und Stelle bleiben und sich bei Bedarf sauber entfernen lassen.<\/p>","protected":false},"featured_media":744,"template":"","meta":{"_acf_changed":false},"product-tag":[35],"class_list":["post-809","product","type-product","status-publish","has-post-thumbnail","hentry","product-tag-application"],"acf":[],"_links":{"self":[{"href":"https:\/\/tianhuilabel.com\/de\/wp-json\/wp\/v2\/product\/809","targetHints":{"allow":["GET"]}}],"collection":[{"href":"https:\/\/tianhuilabel.com\/de\/wp-json\/wp\/v2\/product"}],"about":[{"href":"https:\/\/tianhuilabel.com\/de\/wp-json\/wp\/v2\/types\/product"}],"wp:featuredmedia":[{"embeddable":true,"href":"https:\/\/tianhuilabel.com\/de\/wp-json\/wp\/v2\/media\/744"}],"wp:attachment":[{"href":"https:\/\/tianhuilabel.com\/de\/wp-json\/wp\/v2\/media?parent=809"}],"wp:term":[{"taxonomy":"product-tag","embeddable":true,"href":"https:\/\/tianhuilabel.com\/de\/wp-json\/wp\/v2\/product-tag?post=809"}],"curies":[{"name":"wp","href":"https:\/\/api.w.org\/{rel}","templated":true}]}}