{"id":810,"date":"2026-02-10T18:42:50","date_gmt":"2026-02-10T10:42:50","guid":{"rendered":"https:\/\/tianhuilabel.com\/?post_type=product&#038;p=810"},"modified":"2026-02-10T18:42:50","modified_gmt":"2026-02-10T10:42:50","slug":"high-temperature-resistant-labels","status":"publish","type":"product","link":"https:\/\/tianhuilabel.com\/de\/product\/high-temperature-resistant-labels\/","title":{"rendered":"Hochtemperaturbest\u00e4ndige Etiketten"},"content":{"rendered":"<h3><strong>Wesentliche Merkmale<\/strong><\/h3>\n<p><strong>Ausgezeichnete Hitzebest\u00e4ndigkeit<\/strong><br \/>\nErh\u00e4lt die Haftung und die Klarheit des Drucks auch bei hohen Temperaturen.<\/p>\n<p><strong>Spezialisierte Klebstoffe<\/strong><br \/>\nHochleistungsklebstoffe, die f\u00fcr Hitzeeinwirkung und raue Bedingungen ausgelegt sind.<\/p>\n<p><strong>Langlebige Obermaterialien<\/strong><br \/>\nIn der Regel aus PET, PI (Polyimid) oder anderen hitzebest\u00e4ndigen Folien hergestellt.<\/p>\n<p><strong>Chemische Best\u00e4ndigkeit und Abriebfestigkeit<\/strong><br \/>\nH\u00e4ufig resistent gegen L\u00f6sungsmittel, \u00d6le und mechanischen Verschlei\u00df.<\/p>\n<h3><strong>Typische Anwendungen<\/strong><\/h3>\n<ul>\n<li>Elektronik und PCB-Herstellung<\/li>\n<li>Autoteile<\/li>\n<li>Metallverarbeitung<\/li>\n<li>Batterie- und Energieindustrie<\/li>\n<li>Identifizierung von Industrieanlagen<\/li>\n<\/ul>\n<h3><strong>Leistungsoptionen<\/strong><\/h3>\n<p>Unter <strong>Tianhui Druckindustrie<\/strong>, bieten wir hitzebest\u00e4ndige Etiketten an, die auf verschiedene Temperaturbereiche und Anwendungsstufen zugeschnitten sind:<\/p>\n<ul>\n<li>M\u00e4\u00dfige Hitzebest\u00e4ndigkeit<\/li>\n<li>Extreme Hitzebest\u00e4ndigkeit f\u00fcr industrielle Prozesse<\/li>\n<li>Thermotransfer bedruckbare Materialien<\/li>\n<\/ul>\n<p>Wir k\u00f6nnen Ihnen das richtige Material und die richtige Klebstoffkombination empfehlen, je nach maximaler Temperatur, Belichtungszeit und Art der Oberfl\u00e4che.<\/p>","protected":false},"featured_media":739,"template":"","meta":{"_acf_changed":false},"product-tag":[35],"class_list":["post-810","product","type-product","status-publish","has-post-thumbnail","hentry","product-tag-application"],"acf":[],"_links":{"self":[{"href":"https:\/\/tianhuilabel.com\/de\/wp-json\/wp\/v2\/product\/810","targetHints":{"allow":["GET"]}}],"collection":[{"href":"https:\/\/tianhuilabel.com\/de\/wp-json\/wp\/v2\/product"}],"about":[{"href":"https:\/\/tianhuilabel.com\/de\/wp-json\/wp\/v2\/types\/product"}],"wp:featuredmedia":[{"embeddable":true,"href":"https:\/\/tianhuilabel.com\/de\/wp-json\/wp\/v2\/media\/739"}],"wp:attachment":[{"href":"https:\/\/tianhuilabel.com\/de\/wp-json\/wp\/v2\/media?parent=810"}],"wp:term":[{"taxonomy":"product-tag","embeddable":true,"href":"https:\/\/tianhuilabel.com\/de\/wp-json\/wp\/v2\/product-tag?post=810"}],"curies":[{"name":"wp","href":"https:\/\/api.w.org\/{rel}","templated":true}]}}