{"id":811,"date":"2026-02-10T18:44:53","date_gmt":"2026-02-10T10:44:53","guid":{"rendered":"https:\/\/tianhuilabel.com\/?post_type=product&#038;p=811"},"modified":"2026-02-10T18:44:53","modified_gmt":"2026-02-10T10:44:53","slug":"freezer-labels","status":"publish","type":"product","link":"https:\/\/tianhuilabel.com\/de\/product\/freezer-labels\/","title":{"rendered":"Gefrierschrank-Etiketten"},"content":{"rendered":"<h3><strong>Wesentliche Merkmale<\/strong><\/h3>\n<p><strong>Ausgezeichnete Niedrigtemperatur-Haftung<\/strong><br \/>\nHaftet sicher bei K\u00fchl- und Gefrierbedingungen.<\/p>\n<p><strong>Geeignet f\u00fcr die Anwendung auf kalten Oberfl\u00e4chen<\/strong><br \/>\nKann direkt auf gek\u00fchlte oder gefrorene Verpackungen aufgetragen werden.<\/p>\n<p><strong>Widerstand gegen Feuchtigkeit und Kondenswasser<\/strong><br \/>\nWidersteht Wasser, Frost und Kondenswasser, ohne sich abzuheben oder zu kr\u00e4useln.<\/p>\n<p><strong>Langlebige Materialien<\/strong><br \/>\nSie werden in der Regel aus synthetischem Papier, PE, PP oder anderen Folienmaterialien hergestellt, die bei niedrigen Temperaturen gut funktionieren.<\/p>\n<h3><strong>Typische Anwendungen<\/strong><\/h3>\n<ul>\n<li>Tiefk\u00fchlkost-Verpackungen<\/li>\n<li>Fleisch- und Meeresfr\u00fcchteprodukte<\/li>\n<li>Molkereiprodukte<\/li>\n<li>K\u00fchlkettenlogistik<\/li>\n<li>Pharmazeutische K\u00fchllagerung<\/li>\n<\/ul>\n<h3><strong>Klebstoff- und Materiall\u00f6sungen<\/strong><\/h3>\n<p>Unter <strong>Tianhui Druckindustrie<\/strong>, Wir verwenden Tieftemperaturklebstoffe, die f\u00fcr den Einsatz bei Minusgraden entwickelt wurden:<\/p>\n<ul>\n<li>Tiefk\u00fchl-Klebstoffe<\/li>\n<li>Feuchtigkeitsresistente Folienmaterialien<\/li>\n<li>Thermotransfer-kompatible Optionen<\/li>\n<\/ul>\n<p>Wir k\u00f6nnen Etiketten auf der Grundlage der Lagertemperatur, der Anwendungstemperatur und der Verpackungsoberfl\u00e4che anpassen, um eine dauerhafte Leistung in kalten Umgebungen zu gew\u00e4hrleisten.<\/p>","protected":false},"featured_media":735,"template":"","meta":{"_acf_changed":false},"product-tag":[35],"class_list":["post-811","product","type-product","status-publish","has-post-thumbnail","hentry","product-tag-application"],"acf":[],"_links":{"self":[{"href":"https:\/\/tianhuilabel.com\/de\/wp-json\/wp\/v2\/product\/811","targetHints":{"allow":["GET"]}}],"collection":[{"href":"https:\/\/tianhuilabel.com\/de\/wp-json\/wp\/v2\/product"}],"about":[{"href":"https:\/\/tianhuilabel.com\/de\/wp-json\/wp\/v2\/types\/product"}],"wp:featuredmedia":[{"embeddable":true,"href":"https:\/\/tianhuilabel.com\/de\/wp-json\/wp\/v2\/media\/735"}],"wp:attachment":[{"href":"https:\/\/tianhuilabel.com\/de\/wp-json\/wp\/v2\/media?parent=811"}],"wp:term":[{"taxonomy":"product-tag","embeddable":true,"href":"https:\/\/tianhuilabel.com\/de\/wp-json\/wp\/v2\/product-tag?post=811"}],"curies":[{"name":"wp","href":"https:\/\/api.w.org\/{rel}","templated":true}]}}