{"id":812,"date":"2026-02-10T18:46:30","date_gmt":"2026-02-10T10:46:30","guid":{"rendered":"https:\/\/tianhuilabel.com\/?post_type=product&#038;p=812"},"modified":"2026-02-10T18:46:30","modified_gmt":"2026-02-10T10:46:30","slug":"multi-layer-labels","status":"publish","type":"product","link":"https:\/\/tianhuilabel.com\/de\/product\/multi-layer-labels\/","title":{"rendered":"Mehrschichtige Etiketten"},"content":{"rendered":"<h3><strong>Wesentliche Merkmale<\/strong><\/h3>\n<p><strong>Erweiterte Informationskapazit\u00e4t<\/strong><br \/>\nMehrere bedruckbare Ebenen erm\u00f6glichen eine gro\u00dfe Menge an Inhalten in einer kompakten Etikettengr\u00f6\u00dfe.<\/p>\n<p><strong>Peel &amp; Reseal Funktion<\/strong><br \/>\nDie Verbraucher k\u00f6nnen die oberste Schicht \u00f6ffnen, um Informationen zu lesen, und sie anschlie\u00dfend wieder verschlie\u00dfen.<\/p>\n<p><strong>Platzsparendes Design<\/strong><br \/>\nKeine gro\u00dfen Umverpackungen mehr n\u00f6tig, nur um Anleitungen unterzubringen.<\/p>\n<p><strong>Langlebige Konstruktion<\/strong><br \/>\nStarke Laminier- und Klebesysteme gew\u00e4hrleisten wiederholtes \u00d6ffnen ohne Besch\u00e4digung.<\/p>\n<h3><strong>Typische Anwendungen<\/strong><\/h3>\n<ul>\n<li>Agrochemische Produkte<\/li>\n<li>Pharmazeutika<\/li>\n<li>Kosmetika und K\u00f6rperpflegemittel<\/li>\n<li>Haushaltschemikalien<\/li>\n<li>Industrielle Produkte mit Sicherheitshinweisen<\/li>\n<\/ul>\n<h3><strong>Strukturelle Optionen, die wir anbieten<\/strong><\/h3>\n<p>Unter <strong>Tianhui Druckindustrie<\/strong>, Wir produzieren verschiedene mehrschichtige Konstruktionen auf der Grundlage Ihres Informationsvolumens und Verpackungsdesigns:<\/p>\n<ul>\n<li>Zweilagige Peel-Etiketten<\/li>\n<li>Dreilagige Etiketten in Brosch\u00fcrenform<\/li>\n<li>Wiederverschlie\u00dfbare laminierte Strukturen<\/li>\n<\/ul>\n<p>Diese Etiketten helfen den Marken, die internationalen Vorschriften einzuhalten und gleichzeitig ein attraktives Verpackungsdesign beizubehalten.<\/p>","protected":false},"featured_media":731,"template":"","meta":{"_acf_changed":false},"product-tag":[35],"class_list":["post-812","product","type-product","status-publish","has-post-thumbnail","hentry","product-tag-application"],"acf":[],"_links":{"self":[{"href":"https:\/\/tianhuilabel.com\/de\/wp-json\/wp\/v2\/product\/812","targetHints":{"allow":["GET"]}}],"collection":[{"href":"https:\/\/tianhuilabel.com\/de\/wp-json\/wp\/v2\/product"}],"about":[{"href":"https:\/\/tianhuilabel.com\/de\/wp-json\/wp\/v2\/types\/product"}],"wp:featuredmedia":[{"embeddable":true,"href":"https:\/\/tianhuilabel.com\/de\/wp-json\/wp\/v2\/media\/731"}],"wp:attachment":[{"href":"https:\/\/tianhuilabel.com\/de\/wp-json\/wp\/v2\/media?parent=812"}],"wp:term":[{"taxonomy":"product-tag","embeddable":true,"href":"https:\/\/tianhuilabel.com\/de\/wp-json\/wp\/v2\/product-tag?post=812"}],"curies":[{"name":"wp","href":"https:\/\/api.w.org\/{rel}","templated":true}]}}