{"id":813,"date":"2026-02-10T18:48:16","date_gmt":"2026-02-10T10:48:16","guid":{"rendered":"https:\/\/tianhuilabel.com\/?post_type=product&#038;p=813"},"modified":"2026-02-10T18:48:16","modified_gmt":"2026-02-10T10:48:16","slug":"booklet-labels","status":"publish","type":"product","link":"https:\/\/tianhuilabel.com\/de\/product\/booklet-labels\/","title":{"rendered":"Etiketten f\u00fcr Brosch\u00fcren"},"content":{"rendered":"<h3><strong>Wesentliche Merkmale<\/strong><\/h3>\n<p><strong>Mehrseitiges Informationsformat<\/strong><br \/>\nEnth\u00e4lt mehrere Druckseiten mit Anleitungen, Sicherheitsinformationen und mehrsprachigem Inhalt.<\/p>\n<p><strong>Kompakt, aber mit hoher Kapazit\u00e4t<\/strong><br \/>\nIdeal f\u00fcr kleine Verpackungen, die eine gro\u00dfe Menge an regulatorischen Informationen erfordern.<\/p>\n<p><strong>Strapazierf\u00e4hige und wiederverschlie\u00dfbare H\u00fclle<\/strong><br \/>\nEin Schutzlaminat oder eine Schutzfolie sorgt daf\u00fcr, dass das Heft w\u00e4hrend des Gebrauchs nicht besch\u00e4digt wird.<\/p>\n<p><strong>Professionelles &amp; hochwertiges Erscheinungsbild<\/strong><br \/>\nVerbessert das Produktimage und erf\u00fcllt gleichzeitig die Compliance-Anforderungen.<\/p>\n<h3><strong>Typische Anwendungen<\/strong><\/h3>\n<ul>\n<li>Agrochemikalien<\/li>\n<li>Pharmazeutika<\/li>\n<li>Veterin\u00e4rmedizinische Produkte<\/li>\n<li>Industrielle Chemikalien<\/li>\n<li>Kosmetika mit ausf\u00fchrlicher Anleitung<\/li>\n<\/ul>\n<h3><strong>Produktionskapazit\u00e4ten<\/strong><\/h3>\n<p>Unter <strong>Tianhui Druckindustrie<\/strong>, Wir stellen Brosch\u00fcrenetiketten mit pr\u00e4zisen Falt-, Binde- und Laminiertechnologien her:<\/p>\n<ul>\n<li>R\u00fcckstichgeheftete oder geleimte Brosch\u00fcren<\/li>\n<li>Laminierte Schutzh\u00fcllen<\/li>\n<li>Manipulationssichere oder wiederverschlie\u00dfbare Strukturen<\/li>\n<li>Rollenformat f\u00fcr automatische Etikettierung<\/li>\n<\/ul>\n<p>Booklet-Etiketten sind die perfekte L\u00f6sung, wenn Ihr Produkt viel kommunizieren muss - ohne das Verpackungsdesign zu beeintr\u00e4chtigen.<\/p>","protected":false},"featured_media":727,"template":"","meta":{"_acf_changed":false},"product-tag":[35],"class_list":["post-813","product","type-product","status-publish","has-post-thumbnail","hentry","product-tag-application"],"acf":[],"_links":{"self":[{"href":"https:\/\/tianhuilabel.com\/de\/wp-json\/wp\/v2\/product\/813","targetHints":{"allow":["GET"]}}],"collection":[{"href":"https:\/\/tianhuilabel.com\/de\/wp-json\/wp\/v2\/product"}],"about":[{"href":"https:\/\/tianhuilabel.com\/de\/wp-json\/wp\/v2\/types\/product"}],"wp:featuredmedia":[{"embeddable":true,"href":"https:\/\/tianhuilabel.com\/de\/wp-json\/wp\/v2\/media\/727"}],"wp:attachment":[{"href":"https:\/\/tianhuilabel.com\/de\/wp-json\/wp\/v2\/media?parent=813"}],"wp:term":[{"taxonomy":"product-tag","embeddable":true,"href":"https:\/\/tianhuilabel.com\/de\/wp-json\/wp\/v2\/product-tag?post=813"}],"curies":[{"name":"wp","href":"https:\/\/api.w.org\/{rel}","templated":true}]}}