{"id":97,"date":"2026-01-02T14:23:42","date_gmt":"2026-01-02T06:23:42","guid":{"rendered":"https:\/\/tianhuilabel.com\/?page_id=97"},"modified":"2026-03-28T03:53:58","modified_gmt":"2026-03-27T19:53:58","slug":"solutions","status":"publish","type":"page","link":"https:\/\/tianhuilabel.com\/pt\/solutions\/","title":{"rendered":"Solu\u00e7\u00f5es"},"content":{"rendered":"<div data-elementor-type=\"wp-page\" data-elementor-id=\"97\" class=\"elementor elementor-97\" data-elementor-post-type=\"page\">\n\t\t\t\t<div class=\"elementor-element elementor-element-6ab71b4 e-flex e-con-boxed e-con e-parent\" data-id=\"6ab71b4\" data-element_type=\"container\" data-e-type=\"container\" data-settings=\"{&quot;background_background&quot;:&quot;classic&quot;}\">\n\t\t\t\t\t<div class=\"e-con-inner\">\n\t\t\t\t<div class=\"elementor-element elementor-element-23a4473 elementor-invisible elementor-widget elementor-widget-heading\" data-id=\"23a4473\" data-element_type=\"widget\" data-e-type=\"widget\" data-settings=\"{&quot;_animation&quot;:&quot;fadeInUp&quot;}\" data-widget_type=\"heading.default\">\n\t\t\t\t\t<h1 class=\"elementor-heading-title elementor-size-default\">Solu\u00e7\u00f5es<\/h1>\t\t\t\t<\/div>\n\t\t\t\t<div class=\"elementor-element elementor-element-38d5c49 elementor-icon-list--layout-inline elementor-align-center elementor-list-item-link-full_width elementor-widget elementor-widget-icon-list\" data-id=\"38d5c49\" data-element_type=\"widget\" data-e-type=\"widget\" data-widget_type=\"icon-list.default\">\n\t\t\t\t\t\t\t<ul class=\"elementor-icon-list-items elementor-inline-items\">\n\t\t\t\t\t\t\t<li class=\"elementor-icon-list-item elementor-inline-item\">\n\t\t\t\t\t\t\t\t\t\t\t<a href=\"https:\/\/tianhuilabel.com\/pt\">\n\n\t\t\t\t\t\t\t\t\t\t\t\t<span class=\"elementor-icon-list-icon\">\n\t\t\t\t\t\t\t<svg aria-hidden=\"true\" class=\"e-font-icon-svg e-fas-home\" viewbox=\"0 0 576 512\" xmlns=\"http:\/\/www.w3.org\/2000\/svg\"><path d=\"M280.37 148.26L96 300.11V464a16 16 0 0 0 16 16l112.06-.29a16 16 0 0 0 15.92-16V368a16 16 0 0 1 16-16h64a16 16 0 0 1 16 16v95.64a16 16 0 0 0 16 16.05L464 480a16 16 0 0 0 16-16V300L295.67 148.26a12.19 12.19 0 0 0-15.3 0zM571.6 251.47L488 182.56V44.05a12 12 0 0 0-12-12h-56a12 12 0 0 0-12 12v72.61L318.47 43a48 48 0 0 0-61 0L4.34 251.47a12 12 0 0 0-1.6 16.9l25.5 31A12 12 0 0 0 45.15 301l235.22-193.74a12.19 12.19 0 0 1 15.3 0L530.9 301a12 12 0 0 0 16.9-1.6l25.5-31a12 12 0 0 0-1.7-16.93z\"><\/path><\/svg>\t\t\t\t\t\t<\/span>\n\t\t\t\t\t\t\t\t\t\t<span class=\"elementor-icon-list-text\">In\u00edcio<\/span>\n\t\t\t\t\t\t\t\t\t\t\t<\/a>\n\t\t\t\t\t\t\t\t\t<\/li>\n\t\t\t\t\t\t\t\t<li class=\"elementor-icon-list-item elementor-inline-item\">\n\t\t\t\t\t\t\t\t\t\t\t<span class=\"elementor-icon-list-icon\">\n\t\t\t\t\t\t\t<svg aria-hidden=\"true\" class=\"e-font-icon-svg e-fas-angle-double-right\" viewbox=\"0 0 448 512\" xmlns=\"http:\/\/www.w3.org\/2000\/svg\"><path d=\"M224.3 273l-136 136c-9.4 9.4-24.6 9.4-33.9 0l-22.6-22.6c-9.4-9.4-9.4-24.6 0-33.9l96.4-96.4-96.4-96.4c-9.4-9.4-9.4-24.6 0-33.9L54.3 103c9.4-9.4 24.6-9.4 33.9 0l136 136c9.5 9.4 9.5 24.6.1 34zm192-34l-136-136c-9.4-9.4-24.6-9.4-33.9 0l-22.6 22.6c-9.4 9.4-9.4 24.6 0 33.9l96.4 96.4-96.4 96.4c-9.4 9.4-9.4 24.6 0 33.9l22.6 22.6c9.4 9.4 24.6 9.4 33.9 0l136-136c9.4-9.2 9.4-24.4 0-33.8z\"><\/path><\/svg>\t\t\t\t\t\t<\/span>\n\t\t\t\t\t\t\t\t\t\t<span class=\"elementor-icon-list-text\">Solu\u00e7\u00f5es<\/span>\n\t\t\t\t\t\t\t\t\t<\/li>\n\t\t\t\t\t\t<\/ul>\n\t\t\t\t\t\t<\/div>\n\t\t\t\t\t<\/div>\n\t\t\t\t<\/div>\n\t\t<div class=\"elementor-element elementor-element-01ce0df e-flex e-con-boxed e-con e-parent\" data-id=\"01ce0df\" data-element_type=\"container\" data-e-type=\"container\">\n\t\t\t\t\t<div class=\"e-con-inner\">\n\t\t\t\t<div class=\"elementor-element elementor-element-a113292 elementor-widget elementor-widget-shortcode\" data-id=\"a113292\" data-element_type=\"widget\" data-e-type=\"widget\" data-widget_type=\"shortcode.default\">\n\t\t\t\t\t\t\t<div class=\"elementor-shortcode\">    <style>\r\n        .solution-section {\r\n            max-width: 1200px;\r\n            margin: 50px auto;\r\n            padding: 0 20px;\r\n            font-family: inherit;\r\n        }\r\n\r\n        .solution-item {\r\n            display: flex;\r\n            align-items: center;\r\n            margin-bottom: 120px; \r\n            position: relative;\r\n        }\r\n\r\n        \/* \u7535\u8111\u4e0e\u5e73\u677f\u4fdd\u6301\u4e00\u81f4\uff1a\u5947\u6570\u884c\u6587\u5de6\u56fe\u53f3 *\/\r\n        .solution-item:nth-child(odd) { flex-direction: row; }\r\n        \/* \u7535\u8111\u4e0e\u5e73\u677f\u4fdd\u6301\u4e00\u81f4\uff1a\u5076\u6570\u884c\u6587\u53f3\u56fe\u5de6 *\/\r\n        .solution-item:nth-child(even) { flex-direction: row-reverse; }\r\n\r\n        .solution-info {\r\n            flex: 0 0 65%; \r\n            background-color: #f7f7f7;\r\n            padding: 70px 160px 70px 70px; \r\n            box-sizing: border-box;\r\n            z-index: 1;\r\n        }\r\n\r\n        .solution-item:nth-child(even) .solution-info {\r\n            padding: 70px 70px 70px 160px;\r\n        }\r\n\r\n        .solution-title {\r\n            display: block;\r\n            font-size: 32px;\r\n            font-weight: 700;\r\n            color: #333;\r\n            margin-bottom: 25px;\r\n            text-decoration: none;\r\n            line-height: 1.2;\r\n        }\r\n\r\n        .solution-desc {\r\n            font-size: 16px;\r\n            line-height: 1.8;\r\n            color: #666;\r\n            margin-bottom: 40px;\r\n        }\r\n\r\n        \/* \u6309\u94ae\u6837\u5f0f\uff1a\u66f4\u65b0\u80cc\u666f\u8272\u4e3a #0F603B \u5e76\u5f3a\u5236\u6587\u5b57\u4e3a\u767d\u8272 *\/\r\n        .solution-more {\r\n            display: inline-flex;\r\n            align-items: center;\r\n            background-color: #0F603B; \r\n            color: #ffffff !important; \/* \u5f3a\u5236\u767d\u8272\uff0c\u9632\u6b62\u88ab\u5168\u5c40\u94fe\u63a5\u6837\u5f0f\u8986\u76d6 *\/\r\n            padding: 14px 30px;\r\n            border-radius: 4px 25px 25px 4px; \r\n            text-decoration: none !important;\r\n            font-weight: 600;\r\n            font-size: 14px;\r\n            text-transform: uppercase;\r\n            transition: all 0.3s ease;\r\n        }\r\n\r\n        .solution-more:hover {\r\n            background-color: #0a4d2f; \/* \u60ac\u6d6e\u65f6\u7a0d\u6df1 *\/\r\n            color: #ffffff !important;\r\n            box-shadow: 0 5px 15px rgba(15, 96, 59, 0.3);\r\n        }\r\n\r\n        .solution-more i { margin-left: 10px; font-style: normal; font-weight: bold; }\r\n\r\n        .solution-image-wrap {\r\n            flex: 0 0 45%; \r\n            position: relative;\r\n            z-index: 2;\r\n            transition: transform 0.5s ease;\r\n        }\r\n\r\n        .solution-item:nth-child(odd) .solution-image-wrap { margin-left: -10%; }\r\n        .solution-item:nth-child(even) .solution-image-wrap { margin-right: -10%; }\r\n\r\n        .solution-image-wrap img {\r\n            width: 100%;\r\n            height: auto;\r\n            display: block;\r\n            filter: drop-shadow(0 15px 30px rgba(0,0,0,0.08));\r\n        }\r\n\r\n        .solution-item:hover .solution-image-wrap { transform: translateY(-8px); }\r\n\r\n        \/* \u624b\u673a\u7aef (767px \u4ee5\u4e0b) *\/\r\n        @media (max-width: 767px) {\r\n            .solution-item, .solution-item:nth-child(even), .solution-item:nth-child(odd) {\r\n                flex-direction: column-reverse !important;\r\n                margin-bottom: 60px;\r\n            }\r\n            .solution-info, .solution-image-wrap { flex: 0 0 100%; width: 100%; }\r\n            .solution-item:nth-child(odd) .solution-image-wrap,\r\n            .solution-item:nth-child(even) .solution-image-wrap { margin: 0 0 20px 0 !important; }\r\n            .solution-info { padding: 40px 25px !important; text-align: center; }\r\n            .solution-title { font-size: 26px; }\r\n        }\r\n    <\/style>\r\n\r\n    <div class=\"solution-section\">\r\n                    <div class=\"solution-item\">\r\n                <div class=\"solution-info\">\r\n                    <a href=\"https:\/\/tianhuilabel.com\/pt\/product\/beverage-label\/\" class=\"solution-title\">Beverage Labels<\/a>\r\n                                        \r\n                    <div class=\"solution-desc\">Focus on adhesive label printing for the beverage industry, suitable for various beverage packaging scenarios, balancing appearance and practicality. All materials meet export compliance standards, helping foreign trade customers create exclusive beverage labels.<\/div>\r\n                    \r\n                                        <a href=\"https:\/\/tianhuilabel.com\/pt\/product\/beverage-label\/\" class=\"solution-more\">\r\n                        R\u00f3tulo de bebidas <i>&gt;<\/i>\r\n                    <\/a>\r\n                                    <\/div>\r\n                \r\n                <div class=\"solution-image-wrap\">\r\n                                            <img decoding=\"async\" src=\"https:\/\/tianhuilabel.com\/wp-content\/uploads\/2026\/01\/Beverage-labels_result-1767416471.webp\" alt=\"\">\r\n                                    <\/div>\r\n            <\/div>\r\n                    <div class=\"solution-item\">\r\n                <div class=\"solution-info\">\r\n                    <a href=\"https:\/\/tianhuilabel.com\/pt\/product\/food-packaging-labels\/\" class=\"solution-title\">R\u00f3tulos para embalagens de alimentos<\/a>\r\n                                        \r\n                    <div class=\"solution-desc\">Focus on the core needs of the food industry, create oil-proof, stain-proof, safe and compliant adhesive labels, suitable for various food packaging, balancing practicality and compliance, helping foreign trade food customers improve product competitiveness.<\/div>\r\n                    \r\n                                        <a href=\"https:\/\/tianhuilabel.com\/pt\/product\/food-packaging-labels\/\" class=\"solution-more\">\r\n                        R\u00f3tulos para embalagens de alimentos <i>&gt;<\/i>\r\n                    <\/a>\r\n                                    <\/div>\r\n                \r\n                <div class=\"solution-image-wrap\">\r\n                                            <img decoding=\"async\" src=\"https:\/\/tianhuilabel.com\/wp-content\/uploads\/2026\/01\/Food-packaging-labels_result-1767416949.webp\" alt=\"Food packaging labels\">\r\n                                    <\/div>\r\n            <\/div>\r\n                    <div class=\"solution-item\">\r\n                <div class=\"solution-info\">\r\n                    <a href=\"https:\/\/tianhuilabel.com\/pt\/product\/chemical-labels\/\" class=\"solution-title\">R\u00f3tulos qu\u00edmicos <\/a>\r\n                                        \r\n                    <div class=\"solution-desc\">Aiming at the characteristics of chemical corrosion, volatility and high temperature, customize high-strength adhesive labels that are acid and alkali resistant, solvent resistant and flame retardant, strictly follow international dangerous chemical labeling standards, and ensure transportation and storage safety.<\/div>\r\n                    \r\n                                        <a href=\"https:\/\/tianhuilabel.com\/pt\/product\/chemical-labels\/\" class=\"solution-more\">\r\n                        R\u00f3tulos qu\u00edmicos <i>&gt;<\/i>\r\n                    <\/a>\r\n                                    <\/div>\r\n                \r\n                <div class=\"solution-image-wrap\">\r\n                                            <img decoding=\"async\" src=\"https:\/\/tianhuilabel.com\/wp-content\/uploads\/2026\/01\/Chemical-Labels_result-1767417059.png\" alt=\"Chemical Labels\">\r\n                                    <\/div>\r\n            <\/div>\r\n                    <div class=\"solution-item\">\r\n                <div class=\"solution-info\">\r\n                    <a href=\"https:\/\/tianhuilabel.com\/pt\/product\/industrial-labels\/\" class=\"solution-title\">Etiquetas industriais <\/a>\r\n                                        \r\n                    <div class=\"solution-desc\">Suitable for industrial production and equipment manufacturing scenarios, create wear-resistant, oil-proof, high and low temperature resistant industrial adhesive labels, used for equipment identification and component traceability, improving production management efficiency.\r\n<\/div>\r\n                    \r\n                                        <a href=\"https:\/\/tianhuilabel.com\/pt\/product\/industrial-labels\/\" class=\"solution-more\">\r\n                        Etiquetas industriais <i>&gt;<\/i>\r\n                    <\/a>\r\n                                    <\/div>\r\n                \r\n                <div class=\"solution-image-wrap\">\r\n                                            <img decoding=\"async\" src=\"https:\/\/tianhuilabel.com\/wp-content\/uploads\/2026\/01\/industrial-labels_result-1767488037.webp\" alt=\"Industrial Labels\">\r\n                                    <\/div>\r\n            <\/div>\r\n                    <div class=\"solution-item\">\r\n                <div class=\"solution-info\">\r\n                    <a href=\"https:\/\/tianhuilabel.com\/pt\/product\/warehouse-shelf-labels\/\" class=\"solution-title\">Etiquetas para armaz\u00e9m e prateleiras<\/a>\r\n                                        \r\n                    <div class=\"solution-desc\">Focus on warehousing management scenarios, create easy-to-identify, wear-resistant and low-cost adhesive labels, used for location identification, material classification and inventory management, improving warehousing turnover efficiency and adapting to various warehouse environments.<\/div>\r\n                    \r\n                                        <a href=\"https:\/\/tianhuilabel.com\/pt\/product\/warehouse-shelf-labels\/\" class=\"solution-more\">\r\n                        Etiquetas para armaz\u00e9m e prateleiras <i>&gt;<\/i>\r\n                    <\/a>\r\n                                    <\/div>\r\n                \r\n                <div class=\"solution-image-wrap\">\r\n                                            <img decoding=\"async\" src=\"https:\/\/tianhuilabel.com\/wp-content\/uploads\/2026\/01\/Warehouse-Racking-Labels_result-1767488182.webp\" alt=\"Warehouse &amp; Shelf Labels\">\r\n                                    <\/div>\r\n            <\/div>\r\n                    <div class=\"solution-item\">\r\n                <div class=\"solution-info\">\r\n                    <a href=\"https:\/\/tianhuilabel.com\/pt\/product\/commercial-retail-labels\/\" class=\"solution-title\">Etiquetas comerciais e de retalho <\/a>\r\n                                        \r\n                    <div class=\"solution-desc\">Suitable for supermarket retail and brand promotion scenarios, create high-value and high-texture adhesive labels, balancing display effect and practicality, helping foreign trade customers improve product attractiveness and promote sales.<\/div>\r\n                    \r\n                                        <a href=\"https:\/\/tianhuilabel.com\/pt\/product\/commercial-retail-labels\/\" class=\"solution-more\">\r\n                        Etiquetas comerciais e de retalho <i>&gt;<\/i>\r\n                    <\/a>\r\n                                    <\/div>\r\n                \r\n                <div class=\"solution-image-wrap\">\r\n                                            <img decoding=\"async\" src=\"https:\/\/tianhuilabel.com\/wp-content\/uploads\/2026\/01\/business-commercial_result-1767487889.webp\" alt=\"Commercial &amp; Retail Labels\">\r\n                                    <\/div>\r\n            <\/div>\r\n                    <div class=\"solution-item\">\r\n                <div class=\"solution-info\">\r\n                    <a href=\"https:\/\/tianhuilabel.com\/pt\/product\/animal-product-labels\/\" class=\"solution-title\">R\u00f3tulos de produtos animais <\/a>\r\n                                        \r\n                    <div class=\"solution-desc\">Aiming at the needs of animal products such as dirt resistance, water resistance and outdoor use, customize safe, non-toxic, flexible and wear-resistant adhesive labels, used for pet food, livestock and poultry traceability, aquaculture and other scenarios, in line with international animal product labeling standards.<\/div>\r\n                    \r\n                                        <a href=\"https:\/\/tianhuilabel.com\/pt\/product\/animal-product-labels\/\" class=\"solution-more\">\r\n                        R\u00f3tulos de produtos animais <i>&gt;<\/i>\r\n                    <\/a>\r\n                                    <\/div>\r\n                \r\n                <div class=\"solution-image-wrap\">\r\n                                            <img decoding=\"async\" src=\"https:\/\/tianhuilabel.com\/wp-content\/uploads\/2026\/01\/pet-products_result-1767487805.webp\" alt=\"Animal Product Labels\">\r\n                                    <\/div>\r\n            <\/div>\r\n                    <div class=\"solution-item\">\r\n                <div class=\"solution-info\">\r\n                    <a href=\"https:\/\/tianhuilabel.com\/pt\/product\/beauty-cosmetics-labels\/\" class=\"solution-title\">Cosmetic &amp; Beauty Labels<\/a>\r\n                                        \r\n                    <div class=\"solution-desc\">Focus on the beauty and cosmetics industry, create high-texture, high-value, safe and mild adhesive labels, suitable for various beauty packaging, fitting the curvature of the bottle body, improving brand high-grade feeling, and meeting international beauty compliance standards.\r\n<\/div>\r\n                    \r\n                                        <a href=\"https:\/\/tianhuilabel.com\/pt\/product\/beauty-cosmetics-labels\/\" class=\"solution-more\">\r\n                        R\u00f3tulos de beleza e cosm\u00e9ticos <i>&gt;<\/i>\r\n                    <\/a>\r\n                                    <\/div>\r\n                \r\n                <div class=\"solution-image-wrap\">\r\n                                            <img decoding=\"async\" src=\"https:\/\/tianhuilabel.com\/wp-content\/uploads\/2026\/01\/Beauty-Cosmetic-Labels_result-1767487763.webp\" alt=\"Beauty &amp; Cosmetics Labels\">\r\n                                    <\/div>\r\n            <\/div>\r\n                    <div class=\"solution-item\">\r\n                <div class=\"solution-info\">\r\n                    <a href=\"https:\/\/tianhuilabel.com\/pt\/product\/nutraceutical-pharmaceutical-labels\/\" class=\"solution-title\">R\u00f3tulos Nutrac\u00eauticos e Farmac\u00eauticos<\/a>\r\n                                        \r\n                    <div class=\"solution-desc\">Strictly follow the standards of the medical and health product industry, customize compliant, anti-counterfeiting and moisture-proof adhesive labels, used for nutritional supplements and pharmaceutical packaging, ensuring the accuracy and safety of product information, and adapting to foreign trade export needs.<\/div>\r\n                    \r\n                                        <a href=\"https:\/\/tianhuilabel.com\/pt\/product\/nutraceutical-pharmaceutical-labels\/\" class=\"solution-more\">\r\n                        R\u00f3tulos Nutrac\u00eauticos e Farmac\u00eauticos <i>&gt;<\/i>\r\n                    <\/a>\r\n                                    <\/div>\r\n                \r\n                <div class=\"solution-image-wrap\">\r\n                                            <img decoding=\"async\" src=\"https:\/\/tianhuilabel.com\/wp-content\/uploads\/2026\/01\/Nutraceutical-Pharmaceutical-Labels_result-1767488322.webp\" alt=\"Nutraceutical &amp; Pharmaceutical Labels\">\r\n                                    <\/div>\r\n            <\/div>\r\n            <\/div>\r\n\r\n    <\/div>\n\t\t\t\t\t\t<\/div>\n\t\t\t\t\t<\/div>\n\t\t\t\t<\/div>\n\t\t\t\t<\/div>","protected":false},"excerpt":{"rendered":"<p>Solutions Home Solutions<\/p>","protected":false},"author":1,"featured_media":0,"parent":0,"menu_order":0,"comment_status":"closed","ping_status":"closed","template":"elementor_header_footer","meta":{"_acf_changed":false,"footnotes":""},"class_list":["post-97","page","type-page","status-publish","hentry"],"acf":[],"_links":{"self":[{"href":"https:\/\/tianhuilabel.com\/pt\/wp-json\/wp\/v2\/pages\/97","targetHints":{"allow":["GET"]}}],"collection":[{"href":"https:\/\/tianhuilabel.com\/pt\/wp-json\/wp\/v2\/pages"}],"about":[{"href":"https:\/\/tianhuilabel.com\/pt\/wp-json\/wp\/v2\/types\/page"}],"author":[{"embeddable":true,"href":"https:\/\/tianhuilabel.com\/pt\/wp-json\/wp\/v2\/users\/1"}],"replies":[{"embeddable":true,"href":"https:\/\/tianhuilabel.com\/pt\/wp-json\/wp\/v2\/comments?post=97"}],"version-history":[{"count":0,"href":"https:\/\/tianhuilabel.com\/pt\/wp-json\/wp\/v2\/pages\/97\/revisions"}],"wp:attachment":[{"href":"https:\/\/tianhuilabel.com\/pt\/wp-json\/wp\/v2\/media?parent=97"}],"curies":[{"name":"wp","href":"https:\/\/api.w.org\/{rel}","templated":true}]}}